{"id":119,"date":"2015-05-29T06:35:41","date_gmt":"2015-05-29T06:35:41","guid":{"rendered":"http:\/\/logisztikaitrendek.hu\/?page_id=119"},"modified":"2025-01-07T20:05:33","modified_gmt":"2025-01-07T20:05:33","slug":"szerkesztobizottsag-2","status":"publish","type":"page","link":"https:\/\/logisztikaitrendek.hu\/index.php\/szerkesztobizottsag-2\/","title":{"rendered":"Szerkeszt\u0151bizotts\u00e1g"},"content":{"rendered":"<p><a href=\"https:\/\/logisztikaitrendek.hu\/wp-content\/uploads\/2015\/05\/editor.jpg\"><img loading=\"lazy\" decoding=\"async\" class=\"alignleft size-medium wp-image-296\" src=\"https:\/\/logisztikaitrendek.hu\/wp-content\/uploads\/2015\/05\/editor-300x201.jpg\" alt=\"editor\" width=\"300\" height=\"201\" srcset=\"https:\/\/logisztikaitrendek.hu\/wp-content\/uploads\/2015\/05\/editor-300x201.jpg 300w, https:\/\/logisztikaitrendek.hu\/wp-content\/uploads\/2015\/05\/editor.jpg 664w\" sizes=\"auto, (max-width: 300px) 100vw, 300px\" \/><\/a><\/p>\n<p style=\"text-align: justify;\"><span style=\"text-decoration: underline; color: #000000;\"><strong>Szerkeszt\u0151bizotts\u00e1g tagjai:<\/strong><\/span><\/p>\n<p class=\"p1\"><b>Prof. Dr. Benk\u0151 J\u00e1nos <\/b>\u2013 egyetemi tan\u00e1r, MATE<\/p>\n<p class=\"p1\"><b>Prof. Dr. Fenyves Veronika<\/b> \u2013 egyetemi tan\u00e1r, DE<\/p>\n<p class=\"p1\"><b>Prof. Dr. Heidrich Bal\u00e1zs <\/b>\u2013 rektor, egyetemi tan\u00e1r, BGE<\/p>\n<p class=\"p2\"><span class=\"s1\"><b>Prof. Dr. Ill\u00e9s B\u00e9la <\/b>\u2013 egyetemi tan\u00e1r, ME<\/span><\/p>\n<p class=\"p2\"><span class=\"s1\"><b>Prof. Dr. Koltai Tam\u00e1s <\/b>\u2013 egyetemi tan\u00e1r, BME<\/span><\/p>\n<p class=\"p2\"><span class=\"s1\"><b>Prof. Dr. Szegedi Zolt\u00e1n <\/b>\u2013 egyetemi tan\u00e1r, SZE.<\/span><\/p>\n<p class=\"p2\"><span class=\"s1\"><b>Prof. Dr. Z\u00e9man Zolt\u00e1n <\/b>\u2013 egyetemi tan\u00e1r, Neumann J\u00e1nos Egyetem<\/span><\/p>\n<p class=\"p1\"><b>Dr. Egri Imre <\/b>\u2013 f\u0151iskolai tan\u00e1r, NYE<\/p>\n<p class=\"p1\"><b>Dr. Gub\u00e1n Mikl\u00f3s <\/b>\u2013 professor emeritus, BGE<\/p>\n<p class=\"p1\"><b>Dr. Gyenge Bal\u00e1zs \u2013<\/b> egyetemi docens, szakvezet\u0151, MATE<\/p>\n<p class=\"p2\"><span class=\"s1\"><b>Dr. habil H\u00e1gen Istv\u00e1n \u2013<\/b> egyetemi docens, EKE<\/span><\/p>\n<p class=\"p1\"><b>Dr. habil K\u00e1sa Rich\u00e1rd<\/b> \u2013 tudom\u00e1nyos f\u0151munkat\u00e1rs, BGE<\/p>\n<p class=\"p1\"><b>Dr. habil Kozma T\u00edmea<\/b> \u2013 egyetemi docens, BGE<\/p>\n<p class=\"p1\"><b>Dr. Kurucz Attila<\/b> \u2013 egyetemi docens, SZE<\/p>\n<p class=\"p1\"><b>Dr. Lakatos P\u00e9ter<\/b> \u2013 egyetemi docens, Edutus Egyetem<\/p>\n<p class=\"p1\"><b>Dr. habil Pataki L\u00e1szl\u00f3<\/b> \u2013 egyetemi docens, Neumann J\u00e1nos Egyetem<\/p>\n<p class=\"p2\"><span class=\"s1\"><b>Dr. habil P\u00f3nusz M\u00f3nika <\/b>\u2013 egyetemi docens, KRE<\/span><\/p>\n<p class=\"p1\"><b>Dr. Sisa Krisztina <\/b>\u2013 f\u0151iskolai docens, BGE<\/p>\n<p class=\"p1\"><b>Dr. Szentesi Ibolya <\/b>\u2013 egyetemi adjunktus, DE<\/p>\n<p class=\"p2\"><span class=\"s1\"><b>Dr. Szij\u00e1rt\u00f3 Bogl\u00e1rka <\/b>\u2013 adjunktus, BGE <\/span><\/p>\n<p class=\"p1\"><b>Dr. T\u00f3th R\u00f3bert <\/b>\u2013 egyetemi adjunktus, KRE<\/p>\n<p class=\"p1\"><b>Dr. T\u00far\u00f3czi Imre<\/b> \u2013 f\u0151iskolai tan\u00e1r, DE<\/p>\n<p class=\"p2\"><span class=\"s1\"><b>Vajna Istv\u00e1nn\u00e9 Dr. Tangl Anita<\/b> \u2013 egyetemi docens, Neumann J\u00e1nos Egyetem<\/span><\/p>\n<p style=\"text-align: justify;\">E-mail: <span style=\"text-decoration: underline;\"><span style=\"color: #0000ff; text-decoration: underline;\">logisztikaitrendek@gmail.com<\/span><\/span><\/p>\n","protected":false},"excerpt":{"rendered":"<p>Szerkeszt\u0151bizotts\u00e1g tagjai: Prof. Dr. Benk\u0151 J\u00e1nos \u2013 egyetemi tan\u00e1r, MATE Prof. Dr. Fenyves Veronika \u2013 egyetemi tan\u00e1r, DE Prof. Dr. Heidrich Bal\u00e1zs \u2013 rektor, egyetemi tan\u00e1r, BGE Prof. Dr. Ill\u00e9s B\u00e9la \u2013 egyetemi tan\u00e1r, ME Prof. Dr. Koltai Tam\u00e1s \u2013 egyetemi tan\u00e1r, BME Prof. Dr. Szegedi Zolt\u00e1n \u2013 egyetemi tan\u00e1r, SZE. Prof. Dr. Z\u00e9man Zolt\u00e1n [&hellip;]<\/p>\n","protected":false},"author":1,"featured_media":0,"parent":0,"menu_order":0,"comment_status":"open","ping_status":"closed","template":"","meta":{"footnotes":""},"class_list":["post-119","page","type-page","status-publish","hentry"],"_links":{"self":[{"href":"https:\/\/logisztikaitrendek.hu\/index.php\/wp-json\/wp\/v2\/pages\/119","targetHints":{"allow":["GET"]}}],"collection":[{"href":"https:\/\/logisztikaitrendek.hu\/index.php\/wp-json\/wp\/v2\/pages"}],"about":[{"href":"https:\/\/logisztikaitrendek.hu\/index.php\/wp-json\/wp\/v2\/types\/page"}],"author":[{"embeddable":true,"href":"https:\/\/logisztikaitrendek.hu\/index.php\/wp-json\/wp\/v2\/users\/1"}],"replies":[{"embeddable":true,"href":"https:\/\/logisztikaitrendek.hu\/index.php\/wp-json\/wp\/v2\/comments?post=119"}],"version-history":[{"count":29,"href":"https:\/\/logisztikaitrendek.hu\/index.php\/wp-json\/wp\/v2\/pages\/119\/revisions"}],"predecessor-version":[{"id":835,"href":"https:\/\/logisztikaitrendek.hu\/index.php\/wp-json\/wp\/v2\/pages\/119\/revisions\/835"}],"wp:attachment":[{"href":"https:\/\/logisztikaitrendek.hu\/index.php\/wp-json\/wp\/v2\/media?parent=119"}],"curies":[{"name":"wp","href":"https:\/\/api.w.org\/{rel}","templated":true}]}}