{"id":121,"date":"2015-05-29T06:37:15","date_gmt":"2015-05-29T06:37:15","guid":{"rendered":"http:\/\/logisztikaitrendek.hu\/?page_id=121"},"modified":"2022-11-02T16:52:41","modified_gmt":"2022-11-02T16:52:41","slug":"fuggetlen-biralobizottsag","status":"publish","type":"page","link":"https:\/\/logisztikaitrendek.hu\/index.php\/fuggetlen-biralobizottsag\/","title":{"rendered":"F\u00fcggetlen b\u00edr\u00e1l\u00f3bizotts\u00e1g"},"content":{"rendered":"<p style=\"text-align: justify;\">A Logisztikai kih\u00edv\u00e1sok \u00e9s trendek a 21. sz\u00e1zadban c\u00edmmel ki\u00edrt p\u00e1ly\u00e1zatra be\u00e9rkez\u0151 tanulm\u00e1nyokat f\u00fcggetlen b\u00edr\u00e1l\u00f3bizotts\u00e1g v\u00e9lem\u00e9nyezi.<\/p>\n<p style=\"text-align: justify;\"><strong>A f\u00fcggetlen b\u00edr\u00e1l\u00f3bizotts\u00e1g tagjai:<\/strong><\/p>\n<ul>\n<li style=\"text-align: justify;\">Dr. Kir\u00e1ly \u00c9va, mb. tansz\u00e9kvezet\u0151, f\u0151iskolai docens, Budapesti Gazdas\u00e1gi Egyetem<\/li>\n<li style=\"text-align: justify;\">Prof. Dr. Ol\u00e1h Judit, egyetemi docens, Debreceni Egyetem<\/li>\n<li style=\"text-align: justify;\">Dr. Duma L\u00e1szl\u00f3, egyetemi docens, Budapesti Corvinus Egyetem<\/li>\n<li style=\"text-align: justify;\">Prof. Dr. Heidrich Bal\u00e1zs, rektor, egyetemi tan\u00e1r, Budapesti Gazdas\u00e1gi Egyetem<\/li>\n<\/ul>\n","protected":false},"excerpt":{"rendered":"<p>A Logisztikai kih\u00edv\u00e1sok \u00e9s trendek a 21. sz\u00e1zadban c\u00edmmel ki\u00edrt p\u00e1ly\u00e1zatra be\u00e9rkez\u0151 tanulm\u00e1nyokat f\u00fcggetlen b\u00edr\u00e1l\u00f3bizotts\u00e1g v\u00e9lem\u00e9nyezi. A f\u00fcggetlen b\u00edr\u00e1l\u00f3bizotts\u00e1g tagjai: Dr. Kir\u00e1ly \u00c9va, mb. tansz\u00e9kvezet\u0151, f\u0151iskolai docens, Budapesti Gazdas\u00e1gi Egyetem Prof. Dr. Ol\u00e1h Judit, egyetemi docens, Debreceni Egyetem Dr. Duma L\u00e1szl\u00f3, egyetemi docens, Budapesti Corvinus Egyetem Prof. Dr. Heidrich Bal\u00e1zs, rektor, egyetemi tan\u00e1r, Budapesti Gazdas\u00e1gi [&hellip;]<\/p>\n","protected":false},"author":1,"featured_media":0,"parent":0,"menu_order":0,"comment_status":"closed","ping_status":"open","template":"","meta":{"footnotes":""},"class_list":["post-121","page","type-page","status-publish","hentry"],"_links":{"self":[{"href":"https:\/\/logisztikaitrendek.hu\/index.php\/wp-json\/wp\/v2\/pages\/121","targetHints":{"allow":["GET"]}}],"collection":[{"href":"https:\/\/logisztikaitrendek.hu\/index.php\/wp-json\/wp\/v2\/pages"}],"about":[{"href":"https:\/\/logisztikaitrendek.hu\/index.php\/wp-json\/wp\/v2\/types\/page"}],"author":[{"embeddable":true,"href":"https:\/\/logisztikaitrendek.hu\/index.php\/wp-json\/wp\/v2\/users\/1"}],"replies":[{"embeddable":true,"href":"https:\/\/logisztikaitrendek.hu\/index.php\/wp-json\/wp\/v2\/comments?post=121"}],"version-history":[{"count":9,"href":"https:\/\/logisztikaitrendek.hu\/index.php\/wp-json\/wp\/v2\/pages\/121\/revisions"}],"predecessor-version":[{"id":733,"href":"https:\/\/logisztikaitrendek.hu\/index.php\/wp-json\/wp\/v2\/pages\/121\/revisions\/733"}],"wp:attachment":[{"href":"https:\/\/logisztikaitrendek.hu\/index.php\/wp-json\/wp\/v2\/media?parent=121"}],"curies":[{"name":"wp","href":"https:\/\/api.w.org\/{rel}","templated":true}]}}