{"id":2,"date":"2015-05-18T21:16:19","date_gmt":"2015-05-18T21:16:19","guid":{"rendered":"http:\/\/logisztikaitrendek.hu\/?page_id=2"},"modified":"2022-01-28T18:38:45","modified_gmt":"2022-01-28T18:38:45","slug":"sample-page","status":"publish","type":"page","link":"https:\/\/logisztikaitrendek.hu\/index.php\/sample-page\/","title":{"rendered":"A kiad\u00f3r\u00f3l"},"content":{"rendered":"<p style=\"text-align: justify;\"><a href=\"https:\/\/logisztikaitrendek.hu\/wp-content\/uploads\/2015\/05\/slider03.jpg\"><img loading=\"lazy\" decoding=\"async\" class=\"alignleft size-medium wp-image-305\" src=\"https:\/\/logisztikaitrendek.hu\/wp-content\/uploads\/2015\/05\/slider03-300x131.jpg\" alt=\"slider03\" width=\"300\" height=\"131\" srcset=\"https:\/\/logisztikaitrendek.hu\/wp-content\/uploads\/2015\/05\/slider03-300x131.jpg 300w, https:\/\/logisztikaitrendek.hu\/wp-content\/uploads\/2015\/05\/slider03-1024x447.jpg 1024w\" sizes=\"auto, (max-width: 300px) 100vw, 300px\" \/><\/a>A szolnoki sz\u00e9khely\u0171 <strong>BI-KA Logisztika Kft.<\/strong> imm\u00e1r <strong>25 \u00e9ves szakmai m\u00faltra<\/strong> tekint vissza. A r\u00e9gi\u00f3 piacvezet\u0151 sz\u00e1ll\u00edtm\u00e1nyoz\u00f3 \u00e9s logisztikai szolg\u00e1ltat\u00f3 t\u00e1rsas\u00e1gak\u00e9nt t\u00f6bb mint 150 munkat\u00e1rs foglalkoztat\u00e1s\u00e1val <strong>orsz\u00e1gos szinten is jelent\u0151s gazdas\u00e1gi szerepet<\/strong> t\u00f6lt\u00fcnk be.<\/p>\n<p style=\"text-align: justify;\">Biztos anyagi h\u00e1tt\u00e9rrel rendelkez\u0151 v\u00e1llalatunk komplex megold\u00e1st k\u00edn\u00e1l partnerei felmer\u00fcl\u0151 logisztikai ig\u00e9nyeire. A nagyv\u00e1llalatok\u00e9hoz hasonl\u00f3, min\u0151s\u00e9gi szolg\u00e1ltat\u00e1s ny\u00fajt\u00e1sa mellett ugyanakkor a BI-KA Logisztika Kft. meg\u0151rizte a csal\u00e1di v\u00e1llalkoz\u00e1sokra jellemz\u0151 <strong>\u00fcgyf\u00e9lk\u00f6zpont\u00fas\u00e1g\u00e1t \u00e9s rugalmass\u00e1g\u00e1t<\/strong> is. <strong>Munkat\u00e1rsaink tapasztalata \u00e9s szak\u00e9rtelme<\/strong>, nemzetk\u00f6zi kapcsolatrendszer\u00fcnk, sz\u00e9les szolg\u00e1ltat\u00e1spalett\u00e1nk, illetve a szigor\u00fa kiv\u00e1laszt\u00e1si rendszernek megfelel\u0151 alv\u00e1llalkoz\u00f3i k\u00f6r\u00fcnk garant\u00e1lja megb\u00edz\u00f3ink el\u00e9gedetts\u00e9g\u00e9t.<\/p>\n<p style=\"text-align: justify;\">Szolg\u00e1ltat\u00e1s-portf\u00f3li\u00f3:\u00a0<strong>belf\u00f6ldi \u00e9s nemzetk\u00f6zi fuvaroz\u00e1s \u00e9s sz\u00e1ll\u00edtm\u00e1nyoz\u00e1s, vas\u00fati sz\u00e1ll\u00edtm\u00e1nyoz\u00e1s, t\u00falm\u00e9retes, l\u00e9gi, kont\u00e9neres, tengeri \u00e9s vesz\u00e9lyes \u00e1ruk sz\u00e1ll\u00edt\u00e1sa, rakt\u00e1rlogisztikai szolg\u00e1ltat\u00e1sok, teljes k\u00f6r\u0171 v\u00e1m\u00fcgyint\u00e9z\u00e9s, sz\u00e1ll\u00edtm\u00e1nybiztos\u00edt\u00e1s, szem\u00e9lyes logisztikai szaktan\u00e1csad\u00e1s.<\/strong><\/p>\n<p style=\"text-align: center;\"><strong>BI-KA Logisztika Kft.<\/strong><\/p>\n<p style=\"text-align: center;\">5000 Szolnok, V\u00e1rosmajor \u00fat 23.<\/p>\n<p style=\"text-align: center;\">Telefon: +36 56 524 050<\/p>\n<p style=\"text-align: center;\">Fax: +36 56 524 040<\/p>\n<p style=\"text-align: center;\">E-mail: <span style=\"color: #0000ff;\"><a style=\"color: #0000ff;\" href=\"mailto:info@bi-ka.hu\">info@bi-ka.hu<\/a><\/span><\/p>\n<p style=\"text-align: center;\">Honlap: <span style=\"color: #0000ff;\"><a style=\"color: #0000ff;\" href=\"https:\/\/bikalogisztika.hu\/\">www.bikalogisztika.hu<\/a><\/span><\/p>\n","protected":false},"excerpt":{"rendered":"<p>A szolnoki sz\u00e9khely\u0171 BI-KA Logisztika Kft. imm\u00e1r 25 \u00e9ves szakmai m\u00faltra tekint vissza. A r\u00e9gi\u00f3 piacvezet\u0151 sz\u00e1ll\u00edtm\u00e1nyoz\u00f3 \u00e9s logisztikai szolg\u00e1ltat\u00f3 t\u00e1rsas\u00e1gak\u00e9nt t\u00f6bb mint 150 munkat\u00e1rs foglalkoztat\u00e1s\u00e1val orsz\u00e1gos szinten is jelent\u0151s gazdas\u00e1gi szerepet t\u00f6lt\u00fcnk be. Biztos anyagi h\u00e1tt\u00e9rrel rendelkez\u0151 v\u00e1llalatunk komplex megold\u00e1st k\u00edn\u00e1l partnerei felmer\u00fcl\u0151 logisztikai ig\u00e9nyeire. A nagyv\u00e1llalatok\u00e9hoz hasonl\u00f3, min\u0151s\u00e9gi szolg\u00e1ltat\u00e1s ny\u00fajt\u00e1sa mellett ugyanakkor a [&hellip;]<\/p>\n","protected":false},"author":1,"featured_media":0,"parent":0,"menu_order":0,"comment_status":"closed","ping_status":"open","template":"","meta":{"footnotes":""},"class_list":["post-2","page","type-page","status-publish","hentry"],"_links":{"self":[{"href":"https:\/\/logisztikaitrendek.hu\/index.php\/wp-json\/wp\/v2\/pages\/2","targetHints":{"allow":["GET"]}}],"collection":[{"href":"https:\/\/logisztikaitrendek.hu\/index.php\/wp-json\/wp\/v2\/pages"}],"about":[{"href":"https:\/\/logisztikaitrendek.hu\/index.php\/wp-json\/wp\/v2\/types\/page"}],"author":[{"embeddable":true,"href":"https:\/\/logisztikaitrendek.hu\/index.php\/wp-json\/wp\/v2\/users\/1"}],"replies":[{"embeddable":true,"href":"https:\/\/logisztikaitrendek.hu\/index.php\/wp-json\/wp\/v2\/comments?post=2"}],"version-history":[{"count":12,"href":"https:\/\/logisztikaitrendek.hu\/index.php\/wp-json\/wp\/v2\/pages\/2\/revisions"}],"predecessor-version":[{"id":336,"href":"https:\/\/logisztikaitrendek.hu\/index.php\/wp-json\/wp\/v2\/pages\/2\/revisions\/336"}],"wp:attachment":[{"href":"https:\/\/logisztikaitrendek.hu\/index.php\/wp-json\/wp\/v2\/media?parent=2"}],"curies":[{"name":"wp","href":"https:\/\/api.w.org\/{rel}","templated":true}]}}