{"id":27,"date":"2015-05-19T07:55:48","date_gmt":"2015-05-19T07:55:48","guid":{"rendered":"http:\/\/logisztikaitrendek.hu\/?page_id=27"},"modified":"2022-01-28T18:38:45","modified_gmt":"2022-01-28T18:38:45","slug":"aktualis","status":"publish","type":"page","link":"https:\/\/logisztikaitrendek.hu\/index.php\/aktualis\/","title":{"rendered":"1. \u00e9vfolyam 1. sz\u00e1m"},"content":{"rendered":"<p style=\"text-align: justify;\"><strong><a href=\"https:\/\/logisztikaitrendek.hu\/index.php\/aktualis\/logisztika-trendek-es-legjobb-gyakorlatok-kiadvany-2015-aprilis\/\" rel=\"attachment wp-att-200\">Logisztika Trendek \u00e9s legjobb gyakorlatok kiadv\u00e1ny 2015 \u00e1prilis<\/a><\/strong><\/p>\n<p style=\"text-align: justify;\"><strong>1. \u00e9vfolyam 1. sz\u00e1m 2015. \u00e1prilis<\/strong><\/p>\n<p style=\"text-align: justify;\"><strong>Tartalom:<\/strong><\/p>\n<ul>\n<li style=\"text-align: justify;\">N\u00e9mon Zolt\u00e1n: Kapcsolatok \u00e9s h\u00e1l\u00f3zatok a K\u00f6z\u00e9pt\u00e1v\u00fa Logisztikai Strat\u00e9gi\u00e1ban<\/li>\n<li style=\"text-align: justify;\">Dr. Egri Imre: H\u00e1l\u00f3k \u2013 logisztikai h\u00e1l\u00f3k<\/li>\n<li style=\"text-align: justify;\">Dr. Karmazin Gy\u00f6rgy: Logisztikai szolg\u00e1ltat\u00f3 k\u00f6zpontokat m\u0171k\u00f6dtet\u0151 v\u00e1llalkoz\u00e1sok fejleszt\u00e9se h\u00e1l\u00f3zati kutat\u00e1sok eredm\u00e9nyeinek felhaszn\u00e1l\u00e1s\u00e1val<\/li>\n<li style=\"text-align: justify;\">Dr. B\u00f3na Kriszti\u00e1n \u2013 F\u00e9s\u00fcs Norbert: A logisztika, mint a szolg\u00e1ltat\u00e1sok j\u00f6v\u0151j\u00e9nek sikert\u00e9nyez\u0151je<\/li>\n<li style=\"text-align: justify;\">Dr. Gyenge Bal\u00e1zs \u2013 Dr. Kozma T\u00edmea: Szimul\u00e1ci\u00f3s modellez\u00e9s a rakt\u00e1r logisztik\u00e1ban<\/li>\n<li style=\"text-align: justify;\">G\u00e1l Istv\u00e1n: Raklap, melyik az igazi?<\/li>\n<li style=\"text-align: justify;\">Dr. Gub\u00e1n \u00c1kos \u2013 Dr. K\u00e1sa Rich\u00e1rd: Logisztikai folyamatok \u00fajraszervez\u00e9si koncepci\u00f3i<\/li>\n<li style=\"text-align: justify;\">Dr. Est\u00f3k S\u00e1ndor: A XXI. sz\u00e1zad logisztikai kih\u00edv\u00e1sai, trendjei \u00e9s lehet\u0151s\u00e9gei<\/li>\n<\/ul>\n<p style=\"text-align: justify;\"><a href=\"https:\/\/logisztikaitrendek.hu\/wp-content\/uploads\/2015\/05\/Logisztika-Trendek-\u00e9s-legjobb-gyakorlatok-kiadv\u00e1ny-2015-\u00e1prilis.pdf\">A kiadv\u00e1ny let\u00f6lt\u00e9se &gt;&gt;<\/a><\/p>\n","protected":false},"excerpt":{"rendered":"<p>Logisztika Trendek \u00e9s legjobb gyakorlatok kiadv\u00e1ny 2015 \u00e1prilis 1. \u00e9vfolyam 1. sz\u00e1m 2015. \u00e1prilis Tartalom: N\u00e9mon Zolt\u00e1n: Kapcsolatok \u00e9s h\u00e1l\u00f3zatok a K\u00f6z\u00e9pt\u00e1v\u00fa Logisztikai Strat\u00e9gi\u00e1ban Dr. Egri Imre: H\u00e1l\u00f3k \u2013 logisztikai h\u00e1l\u00f3k Dr. Karmazin Gy\u00f6rgy: Logisztikai szolg\u00e1ltat\u00f3 k\u00f6zpontokat m\u0171k\u00f6dtet\u0151 v\u00e1llalkoz\u00e1sok fejleszt\u00e9se h\u00e1l\u00f3zati kutat\u00e1sok eredm\u00e9nyeinek felhaszn\u00e1l\u00e1s\u00e1val Dr. B\u00f3na Kriszti\u00e1n \u2013 F\u00e9s\u00fcs Norbert: A logisztika, mint a szolg\u00e1ltat\u00e1sok [&hellip;]<\/p>\n","protected":false},"author":1,"featured_media":0,"parent":0,"menu_order":0,"comment_status":"closed","ping_status":"open","template":"","meta":{"footnotes":""},"class_list":["post-27","page","type-page","status-publish","hentry"],"_links":{"self":[{"href":"https:\/\/logisztikaitrendek.hu\/index.php\/wp-json\/wp\/v2\/pages\/27","targetHints":{"allow":["GET"]}}],"collection":[{"href":"https:\/\/logisztikaitrendek.hu\/index.php\/wp-json\/wp\/v2\/pages"}],"about":[{"href":"https:\/\/logisztikaitrendek.hu\/index.php\/wp-json\/wp\/v2\/types\/page"}],"author":[{"embeddable":true,"href":"https:\/\/logisztikaitrendek.hu\/index.php\/wp-json\/wp\/v2\/users\/1"}],"replies":[{"embeddable":true,"href":"https:\/\/logisztikaitrendek.hu\/index.php\/wp-json\/wp\/v2\/comments?post=27"}],"version-history":[{"count":10,"href":"https:\/\/logisztikaitrendek.hu\/index.php\/wp-json\/wp\/v2\/pages\/27\/revisions"}],"predecessor-version":[{"id":313,"href":"https:\/\/logisztikaitrendek.hu\/index.php\/wp-json\/wp\/v2\/pages\/27\/revisions\/313"}],"wp:attachment":[{"href":"https:\/\/logisztikaitrendek.hu\/index.php\/wp-json\/wp\/v2\/media?parent=27"}],"curies":[{"name":"wp","href":"https:\/\/api.w.org\/{rel}","templated":true}]}}