{"id":465,"date":"2017-12-28T15:44:37","date_gmt":"2017-12-28T15:44:37","guid":{"rendered":"http:\/\/logisztikaitrendek.hu\/?page_id=465"},"modified":"2022-01-28T18:38:45","modified_gmt":"2022-01-28T18:38:45","slug":"3-evfolyam-1-szam-2","status":"publish","type":"page","link":"https:\/\/logisztikaitrendek.hu\/index.php\/3-evfolyam-1-szam-2\/","title":{"rendered":"3. \u00e9vfolyam 1. sz\u00e1m"},"content":{"rendered":"<p>&nbsp;<\/p>\n<p>Menedzsment-innov\u00e1ci\u00f3 szekci\u00f3<\/p>\n<p>&nbsp;<\/p>\n<p>Dr. B\u0151gel Gy\u00f6rgy:<\/p>\n<p><a href=\"https:\/\/logisztikaitrendek.hu\/wp-content\/uploads\/2018\/02\/1-min.pdf\">G\u00e9pi etika, g\u00e9pi mor\u00e1l.<\/a><\/p>\n<p>DOI: 10.21405\/logtrend.2016.2.2.7.<\/p>\n<p>Dr. R\u00e9ger B\u00e9la:<\/p>\n<p><a href=\"https:\/\/logisztikaitrendek.hu\/wp-content\/uploads\/2018\/02\/2-min.pdf\">A logisztika 4.0 kialakul\u00e1sa \u00e9s a tov\u00e1bbi fejl\u0151d\u00e9s lehet\u0151s\u00e9<\/a><a href=\"https:\/\/logisztikaitrendek.hu\/wp-content\/uploads\/2018\/02\/2-min.pdf\">gei.<\/a><\/p>\n<p>DOI: 10.21405\/logtrend.2016.2.2.12.<\/p>\n<p>Horv\u00e1th Adrienn<\/p>\n<p><a href=\"https:\/\/logisztikaitrendek.hu\/wp-content\/uploads\/2018\/01\/3.pdf\">Fenntarthat\u00f3s\u00e1g m\u00e9r\u00e9si lehet\u0151s\u00e9gei.<\/a><\/p>\n<p>DOI: 10.21405\/logtrend.2016.2.2.17.<\/p>\n<p>&nbsp;<\/p>\n<p>Logisztika menedzsment szekci\u00f3<\/p>\n<p>Dr. Bod P\u00e9ter \u00c1kos:<\/p>\n<p><a href=\"https:\/\/logisztikaitrendek.hu\/wp-content\/uploads\/2018\/02\/4-min.pdf\">Ir\u00e1nykeres\u00e9s n\u00f6veked\u00e9si trend n\u00e9lk\u00fcli vil\u00e1gunkban. <\/a><\/p>\n<p>DOI: 10.21405\/logtrend.2016.2.2.21.<\/p>\n<p>Dr. Gub\u00e1n Mikl\u00f3s &#8211; Arat\u00f3 \u00c1d\u00e1m &#8211; Papp Bence:<\/p>\n<p><a href=\"https:\/\/logisztikaitrendek.hu\/wp-content\/uploads\/2018\/02\/5-min.pdf\">Egy szolg\u00e1ltat\u00e1si logisztikai folyamat szimul\u00e1ci\u00f3s vizsg\u00e1lata. <\/a><\/p>\n<p>DOI: 10.21405\/logtrend.2016.2.2.25.<\/p>\n<p>G\u00e1l Istv\u00e1n:<\/p>\n<p><a href=\"https:\/\/logisztikaitrendek.hu\/wp-content\/uploads\/2018\/02\/6-min.pdf\">Az elektromobilit\u00e1s aktu\u00e1lis nemzetk\u00f6zi \u00e9s hazai helyzete, k\u00fcl\u00f6n\u00f6s tekintettel annak logisztikai vonatkoz\u00e1saira.<\/a><\/p>\n<p>&nbsp;<\/p>\n<p>Nemzetk\u00f6zi logisztika szekci\u00f3<\/p>\n<p>T\u00f3th R\u00f3bert:<\/p>\n<p><a href=\"https:\/\/logisztikaitrendek.hu\/wp-content\/uploads\/2018\/02\/7-min.pdf\">A logisztika v\u00e1llalatok versenyk\u00e9pess\u00e9g\u00e9nek, \u00fczleti k\u00f6rnyezet\u00e9nek elemz\u00e9se, valamint a p\u00e9nz\u00fcgyi kult\u00far\u00e1nak \u00e9rtelmez\u00e9se ezen \u00e1gazatban.<\/a><\/p>\n<p>DOI: 10.21405\/logtrend.2016.2.2.35.<\/p>\n<p>F\u00fczesi Istv\u00e1n &#8211; Nagy Vikt\u00f3ria &#8211; Dr. Popp J\u00f3zsef &#8211; Dr.\u00a0 Ol\u00e1h Judit &#8211; Lengyel P\u00e9ter:<\/p>\n<p><a href=\"https:\/\/logisztikaitrendek.hu\/wp-content\/uploads\/2018\/02\/8-min.pdf\">A magyarorsz\u00e1gi h\u00fasipari v\u00e1llalkoz\u00e1sok versenyk\u00e9pess\u00e9g\u00e9t n\u00f6vel\u0151 IT megold\u00e1sok elemz\u00e9se.<\/a><\/p>\n<p>DOI: 10.21405\/logtrend.2016.2.2.41.<\/p>\n<p>Dr. Gelei Andrea &#8211; J\u00e1mbor Zs\u00f3fia:<\/p>\n<p><a href=\"https:\/\/logisztikaitrendek.hu\/wp-content\/uploads\/2018\/01\/9.pdf\">V\u00e1llalkoz\u00e1sok hossz\u00fa t\u00e1v\u00fa \u00fczleti kapcsolatai Magyarorsz\u00e1gon.<\/a><\/p>\n<p>DOI: 10.21405\/logtrend.2016.2.2.46.<\/p>\n<p>Dr. Ol\u00e1h Judit &#8211; Dr. M\u00e1t\u00e9 Domici\u00e1n &#8211; Dr.\u00a0 Balogh Imre &#8211; Dr. Popp J\u00f3zsef<\/p>\n<p><a href=\"https:\/\/logisztikaitrendek.hu\/wp-content\/uploads\/2018\/02\/10-min.pdf\">Az elektronikus adatcsere (EDI) hazai \u00e9s nemzetk\u00f6zi alkalmaz\u00e1s\u00e1nak vizsg\u00e1lata.<\/a><\/p>\n<p>DOI: 10.21405\/logtrend.2016.2.2.49.<\/p>\n<style>\n.site-name, .site-tagline {\ncolor: black !important;\n}\n<\/style>\n","protected":false},"excerpt":{"rendered":"<p>&nbsp; Menedzsment-innov\u00e1ci\u00f3 szekci\u00f3 &nbsp; Dr. B\u0151gel Gy\u00f6rgy: G\u00e9pi etika, g\u00e9pi mor\u00e1l. DOI: 10.21405\/logtrend.2016.2.2.7. Dr. R\u00e9ger B\u00e9la: A logisztika 4.0 kialakul\u00e1sa \u00e9s a tov\u00e1bbi fejl\u0151d\u00e9s lehet\u0151s\u00e9gei. DOI: 10.21405\/logtrend.2016.2.2.12. Horv\u00e1th Adrienn Fenntarthat\u00f3s\u00e1g m\u00e9r\u00e9si lehet\u0151s\u00e9gei. DOI: 10.21405\/logtrend.2016.2.2.17. &nbsp; Logisztika menedzsment szekci\u00f3 Dr. Bod P\u00e9ter \u00c1kos: Ir\u00e1nykeres\u00e9s n\u00f6veked\u00e9si trend n\u00e9lk\u00fcli vil\u00e1gunkban. DOI: 10.21405\/logtrend.2016.2.2.21. Dr. Gub\u00e1n Mikl\u00f3s &#8211; Arat\u00f3 \u00c1d\u00e1m [&hellip;]<\/p>\n","protected":false},"author":1,"featured_media":0,"parent":0,"menu_order":0,"comment_status":"closed","ping_status":"closed","template":"","meta":{"footnotes":""},"class_list":["post-465","page","type-page","status-publish","hentry"],"_links":{"self":[{"href":"https:\/\/logisztikaitrendek.hu\/index.php\/wp-json\/wp\/v2\/pages\/465","targetHints":{"allow":["GET"]}}],"collection":[{"href":"https:\/\/logisztikaitrendek.hu\/index.php\/wp-json\/wp\/v2\/pages"}],"about":[{"href":"https:\/\/logisztikaitrendek.hu\/index.php\/wp-json\/wp\/v2\/types\/page"}],"author":[{"embeddable":true,"href":"https:\/\/logisztikaitrendek.hu\/index.php\/wp-json\/wp\/v2\/users\/1"}],"replies":[{"embeddable":true,"href":"https:\/\/logisztikaitrendek.hu\/index.php\/wp-json\/wp\/v2\/comments?post=465"}],"version-history":[{"count":7,"href":"https:\/\/logisztikaitrendek.hu\/index.php\/wp-json\/wp\/v2\/pages\/465\/revisions"}],"predecessor-version":[{"id":493,"href":"https:\/\/logisztikaitrendek.hu\/index.php\/wp-json\/wp\/v2\/pages\/465\/revisions\/493"}],"wp:attachment":[{"href":"https:\/\/logisztikaitrendek.hu\/index.php\/wp-json\/wp\/v2\/media?parent=465"}],"curies":[{"name":"wp","href":"https:\/\/api.w.org\/{rel}","templated":true}]}}