{"id":497,"date":"2018-08-22T19:51:29","date_gmt":"2018-08-22T19:51:29","guid":{"rendered":"http:\/\/logisztikaitrendek.hu\/?page_id=497"},"modified":"2022-01-28T18:38:45","modified_gmt":"2022-01-28T18:38:45","slug":"4-evfolyam-1-szam","status":"publish","type":"page","link":"https:\/\/logisztikaitrendek.hu\/index.php\/4-evfolyam-1-szam\/","title":{"rendered":"4. \u00e9vfolyam 1. sz\u00e1m"},"content":{"rendered":"<p>A Pallas Ath\u00e9n\u00e9 Domus Animae Alap\u00edtv\u00e1ny t\u00e1mogat\u00e1s\u00e1val:<\/p>\n<p><strong>Logisztika-szervez\u00e9s szekci\u00f3<\/strong><\/p>\n<p><strong>Kir\u00e1ly Tam\u00e1s &#8211; Kisjakab K\u00e1roly &#8211; Dr. Reicher Regina Zsuzs\u00e1nna<\/strong><\/p>\n<p>DOI: 10.21405\/logtrend.2018.4.1.4<\/p>\n<p><a href=\"https:\/\/logisztikaitrendek.hu\/wp-content\/uploads\/2018\/08\/logi_0.pdf\">Szervezeti folyamatok hat\u00e9konys\u00e1g\u00e1nak vizsg\u00e1lata az STI Hungary Kft.-n\u00e9l<\/a><\/p>\n<p>&nbsp;<\/p>\n<p><strong>L\u00e1nyi M\u00e1rton &#8211; Dr. habil R\u00e9ger B\u00e9la PhD<\/strong><\/p>\n<p>DOI: 10.21405\/logtrend.2018.4.1.11<\/p>\n<p><a href=\"https:\/\/logisztikaitrendek.hu\/wp-content\/uploads\/2018\/08\/logi_1.pdf\">Kritikus infrastrukt\u00fara v\u00e9delme<\/a><\/p>\n<p>&nbsp;<\/p>\n<p><strong>Dr. Csipk\u00e9s Margit<\/strong><\/p>\n<p>DOI: 10.21405\/logtrend.2018.4.1.17<\/p>\n<p><a href=\"https:\/\/logisztikaitrendek.hu\/wp-content\/uploads\/2018\/08\/logi_2.pdf\">Az EOQ modell \u00e9s az ABC elemz\u00e9se alkalmaz\u00e1sa a k\u00e9szletgazd\u00e1lkod\u00e1sban<\/a><\/p>\n<p>&nbsp;<\/p>\n<p><strong>Dr. habil R\u00e9ger B\u00e9la<\/strong><\/p>\n<p>DOI: 10.21405\/logtrend.2018.4.1.23<\/p>\n<p><a href=\"https:\/\/logisztikaitrendek.hu\/wp-content\/uploads\/2018\/08\/logi_3.pdf\">Az integr\u00e1lt marketing-logisztikai koncepci\u00f3 szinergi\u00e1ja napjainkban<\/a><\/p>\n<p>&nbsp;<\/p>\n<p><strong>Kov\u00e1cs L\u00facia &#8211; Dr. P\u00f3nusz M\u00f3nika &#8211; Dr. Kozma T\u00edmea<\/strong><\/p>\n<p>DOI: 10.21405\/logtrend.2018.4.1.28<\/p>\n<p><a href=\"https:\/\/logisztikaitrendek.hu\/wp-content\/uploads\/2018\/08\/logi_4.pdf\">A z\u00f6ld beszerz\u00e9s strat\u00e9giai jelent\u0151s\u00e9ge<\/a><\/p>\n<p>&nbsp;<\/p>\n<p>&nbsp;<\/p>\n<p><strong>Ell\u00e1t\u00e1si-l\u00e1nc szekci\u00f3<\/strong><\/p>\n<p><strong>Prof. Dr. Popp J\u00f3zsef &#8211; Dr. Harangi-R\u00e1kos M\u00f3nika &#8211; Varga Edina &#8211; Dr. Tik\u00e1sz Ildik\u00f3 Edit &#8211; Dr. habil Ol\u00e1h Judit<\/strong><\/p>\n<p>DOI: 10.21405\/logtrend.2018.4.1.33<\/p>\n<p><a href=\"https:\/\/logisztikaitrendek.hu\/wp-content\/uploads\/2018\/08\/logi_5.pdf\">A hobbi\u00e1llat-eledel piac nemzetk\u00f6zi \u00e9s hazai kil\u00e1t\u00e1sai<\/a><\/p>\n<p>&nbsp;<\/p>\n<p><strong>Dr. Abonyin\u00e9 Dr. Palot\u00e1s Jol\u00e1n &#8211; Dr. habil. Komarek Levente<\/strong><\/p>\n<p>DOI: 10.21405\/logtrend.2018.4.1.39<\/p>\n<p><a href=\"https:\/\/logisztikaitrendek.hu\/wp-content\/uploads\/2018\/08\/logi_6.pdf\">Pillanatk\u00e9p az \u00e9lelmiszergazdas\u00e1gunkban rejl\u0151 logisztikai tartal\u00e9kok mobiliz\u00e1l\u00e1s\u00e1r\u00f3l<\/a><\/p>\n<p>&nbsp;<\/p>\n<p><strong>Dr. Antal Tam\u00e1s &#8211; N\u00e1n\u00e1si J\u00f3zsef &#8211; Docsa Kriszti\u00e1n <\/strong><\/p>\n<p>DOI: 10.21405\/logtrend.2018.4.1.43<\/p>\n<p><a href=\"https:\/\/logisztikaitrendek.hu\/wp-content\/uploads\/2018\/08\/logi_7.pdf\">Vesztes\u00e9gvizsg\u00e1lat az Unilever Magyarorsz\u00e1g Kft. ny\u00edrb\u00e1tori gy\u00e1r\u00e1ban<\/a><\/p>\n<p>&nbsp;<\/p>\n<p><strong>N\u00e9meth Istv\u00e1n<\/strong><\/p>\n<p>DOI: 10.21405\/logtrend.2018.4.1.49<\/p>\n<p><a href=\"https:\/\/logisztikaitrendek.hu\/wp-content\/uploads\/2018\/08\/logi_8.pdf\">Egy orsz\u00e1gcsoport region\u00e1lis egy\u00fcttm\u0171k\u00f6d\u00e9se<\/a><\/p>\n<p>&nbsp;<\/p>\n<p>&nbsp;<\/p>\n<p><strong>Logisztika-technol\u00f3gia szekci\u00f3<\/strong><\/p>\n<p><strong>Sztrapkovics Bal\u00e1zs<\/strong><\/p>\n<p>DOI: 10.21405\/logtrend.2018.4.1.55<\/p>\n<p><a href=\"https:\/\/logisztikaitrendek.hu\/wp-content\/uploads\/2018\/08\/logi_9.pdf\">Lean elv\u0171 projekttervez\u00e9si m\u00f3dszertan a logisztik\u00e1ban<\/a><\/p>\n<p>&nbsp;<\/p>\n<p><strong>Nagy Judit, PhD<\/strong><\/p>\n<p>DOI: 10.21405\/logtrend.2018.4.1.60<\/p>\n<p><a href=\"https:\/\/logisztikaitrendek.hu\/wp-content\/uploads\/2018\/08\/logi_10.pdf\">A magyar v\u00e1llalatok a digitaliz\u00e1ci\u00f3 \u00fatj\u00e1n<\/a><\/p>\n<style>\n.site-name, .site-tagline {<br \/>color: black !important;<br \/>}<br \/><\/style>\n","protected":false},"excerpt":{"rendered":"<p>A Pallas Ath\u00e9n\u00e9 Domus Animae Alap\u00edtv\u00e1ny t\u00e1mogat\u00e1s\u00e1val: Logisztika-szervez\u00e9s szekci\u00f3 Kir\u00e1ly Tam\u00e1s &#8211; Kisjakab K\u00e1roly &#8211; Dr. Reicher Regina Zsuzs\u00e1nna DOI: 10.21405\/logtrend.2018.4.1.4 Szervezeti folyamatok hat\u00e9konys\u00e1g\u00e1nak vizsg\u00e1lata az STI Hungary Kft.-n\u00e9l &nbsp; L\u00e1nyi M\u00e1rton &#8211; Dr. habil R\u00e9ger B\u00e9la PhD DOI: 10.21405\/logtrend.2018.4.1.11 Kritikus infrastrukt\u00fara v\u00e9delme &nbsp; Dr. Csipk\u00e9s Margit DOI: 10.21405\/logtrend.2018.4.1.17 Az EOQ modell \u00e9s az ABC [&hellip;]<\/p>\n","protected":false},"author":1,"featured_media":0,"parent":0,"menu_order":0,"comment_status":"closed","ping_status":"closed","template":"","meta":{"footnotes":""},"class_list":["post-497","page","type-page","status-publish","hentry"],"_links":{"self":[{"href":"https:\/\/logisztikaitrendek.hu\/index.php\/wp-json\/wp\/v2\/pages\/497","targetHints":{"allow":["GET"]}}],"collection":[{"href":"https:\/\/logisztikaitrendek.hu\/index.php\/wp-json\/wp\/v2\/pages"}],"about":[{"href":"https:\/\/logisztikaitrendek.hu\/index.php\/wp-json\/wp\/v2\/types\/page"}],"author":[{"embeddable":true,"href":"https:\/\/logisztikaitrendek.hu\/index.php\/wp-json\/wp\/v2\/users\/1"}],"replies":[{"embeddable":true,"href":"https:\/\/logisztikaitrendek.hu\/index.php\/wp-json\/wp\/v2\/comments?post=497"}],"version-history":[{"count":8,"href":"https:\/\/logisztikaitrendek.hu\/index.php\/wp-json\/wp\/v2\/pages\/497\/revisions"}],"predecessor-version":[{"id":519,"href":"https:\/\/logisztikaitrendek.hu\/index.php\/wp-json\/wp\/v2\/pages\/497\/revisions\/519"}],"wp:attachment":[{"href":"https:\/\/logisztikaitrendek.hu\/index.php\/wp-json\/wp\/v2\/media?parent=497"}],"curies":[{"name":"wp","href":"https:\/\/api.w.org\/{rel}","templated":true}]}}