{"id":520,"date":"2019-01-13T10:52:18","date_gmt":"2019-01-13T10:52:18","guid":{"rendered":"http:\/\/logisztikaitrendek.hu\/?page_id=520"},"modified":"2022-01-28T18:38:45","modified_gmt":"2022-01-28T18:38:45","slug":"4-evfolyam-2-szam","status":"publish","type":"page","link":"https:\/\/logisztikaitrendek.hu\/index.php\/4-evfolyam-2-szam\/","title":{"rendered":"4. \u00e9vfolyam 2. sz\u00e1m"},"content":{"rendered":"\r\n<div>A Pallas Ath\u00e9n\u00e9 Domus Animae Alap\u00edtv\u00e1ny t\u00e1mogat\u00e1s\u00e1val:<\/div>\r\n<div>\u00a0<\/div>\r\n<div class=\"wp-block-file\"><a href=\"https:\/\/logisztikaitrendek.hu\/wp-content\/uploads\/2019\/01\/Dr.-Tomka-J\u00e1nos-Prof.-Dr.-B\u0151gel-Gy\u00f6rgy_-K\u00f6nyvismertet\u0151-1.pdf\">Dr. Tomka J\u00e1nos \u2013 Prof. Dr. B\u0151gel Gy\u00f6rgy: K\u00f6nyvismertet\u0151 . <\/a><\/div>\r\n\r\n\r\n\r\n<p><strong>Digit\u00e1lis kereskedelem \u00e9s ell\u00e1t\u00e1sil\u00e1nc-menedzsment szekci\u00f3<\/strong><\/p>\r\n\r\n\r\n\r\n<div class=\"wp-block-file\"><a href=\"https:\/\/logisztikaitrendek.hu\/wp-content\/uploads\/2019\/01\/Tari-Katalin_Nemzetenk\u00e9nt-elt\u00e9r\u0151-e-logisztikai-trendek-felkutat\u00e1sa-1.pdf\">Tari Katalin: Nemzetenk\u00e9nt elt\u00e9r\u0151 e-logisztikai trendek felkutat\u00e1sa\u00a0<br \/>DOI: 10.21405\/logtrend.2018.4.2.4 <\/a><\/div>\r\n\r\n\r\n\r\n<div class=\"wp-block-file\"><a href=\"https:\/\/logisztikaitrendek.hu\/wp-content\/uploads\/2019\/01\/T\u00f3th-R\u00f3bert-Dr.-P\u00f3nusz-M\u00f3nika-Dr.-Kozma-T\u00edmea_-1.pdf\">T\u00f3th R\u00f3bert \u2013 Dr. P\u00f3nusz M\u00f3nika \u2013 Dr. Kozma T\u00edmea: A v\u00e1llalkoz\u00e1sok strat\u00e9gi\u00e1j\u00e1nak \u00e9s \u00fczleti modellj\u00e9nek v\u00e1ltoz\u00e1sa napjainkban: az e kereskedelem tendenci\u00e1i \u00e9s megjelen\u00e9si form\u00e1i az ell\u00e1t\u00e1si l\u00e1ncokban\u00a0<br \/>DOI: 10.21405\/logtrend.2018.4.2.10 <\/a><\/div>\r\n\r\n\r\n\r\n<div class=\"wp-block-file\"><a href=\"https:\/\/logisztikaitrendek.hu\/wp-content\/uploads\/2019\/01\/Erdei-Edina-Prof.-Dr.-Popp-J\u00f3zsef-Dr.-habil.-Ol\u00e1h-Judit-1.pdf\"> Erdei Edina \u2013 Prof. Dr. Popp J\u00f3zsef \u2013 Dr. habil. Ol\u00e1h Judit: A termel\u0151 v\u00e1llalatok nemzetk\u00f6zi jelenl\u00e9t\u00e9nek hat\u00e1sa a teljes\u00edtm\u00e9nyre\u00a0<br \/>DOI: 10.21405\/logtrend.2018.4.2.16 <\/a><\/div>\r\n\r\n\r\n\r\n<p><br \/><strong>Ipar 4.0. szekci\u00f3<\/strong><\/p>\r\n\r\n\r\n\r\n<div class=\"wp-block-file\"><a href=\"https:\/\/logisztikaitrendek.hu\/wp-content\/uploads\/2019\/01\/Prof.-Dr.-B\u0151gel-Gy\u00f6rg_-A-dolgok-internete-a-mez\u0151gazdas\u00e1gban-1.pdf\">Prof. Dr. B\u0151gel Gy\u00f6rgy: A dolgok internet\u00e9nek hat\u00e1sa az ell\u00e1t\u00e1si l\u00e1ncokra: a mez\u0151gazdas\u00e1g p\u00e9ld\u00e1ja<br \/>DOI: 10.21405\/logtrend.2018.4.2.23<br \/><\/a><\/div>\r\n\r\n\r\n\r\n<div class=\"wp-block-file\"><a href=\"https:\/\/logisztikaitrendek.hu\/wp-content\/uploads\/2019\/01\/Dr.-habil.-Boh\u00e1cs-G\u00e1bor-Pusk\u00e1s-Eszter_-Korszer\u0171-j\u00e1rm\u0171ipari-megold\u00e1sok-a-Fizikai-Internet-megval\u00f3s\u00edt\u00e1s\u00e1ra.pdf\"> Dr. habil. Boh\u00e1cs G\u00e1bor \u2013 Pusk\u00e1s Eszter: Korszer\u0171 j\u00e1rm\u0171ipari megold\u00e1sok a Fizikai Internet megval\u00f3s\u00edt\u00e1s\u00e1ra <\/a><\/div>\r\n\r\n\r\n\r\n<div class=\"wp-block-file\"><a href=\"https:\/\/logisztikaitrendek.hu\/wp-content\/uploads\/2019\/01\/Hollik-Csaba-Dr.-Egri-Imre_Az-Ipar-4.0-n\u00e9h\u00e1ny-p\u00e9ld\u00e1ja-a-logisztik\u00e1ban.pdf\">Hollik Csaba \u2013 Dr. Egri Imre: Az Ipar 4.0 n\u00e9h\u00e1ny p\u00e9ld\u00e1ja a logisztik\u00e1ban<br \/>DOI: 10.21405\/logtrend.2018.4.2.33 <\/a><\/div>\r\n\r\n\r\n\r\n<div class=\"wp-block-file\"><a href=\"https:\/\/logisztikaitrendek.hu\/wp-content\/uploads\/2019\/01\/Dr.-Csipk\u00e9s-Margit_Term\u00e9kazonos\u00edt\u00e1s-\u00e9s-nyomonk\u00f6vet\u00e9s-lehet\u0151s\u00e9g\u00e9nek-fontoss\u00e1ga-az-ell\u00e1t\u00e1si-l\u00e1nc-folyamataiban.pdf\">Dr. Csipk\u00e9s Margit: Term\u00e9kazonos\u00edt\u00e1s \u00e9s nyomonk\u00f6vet\u00e9s lehet\u0151s\u00e9g\u00e9nek fontoss\u00e1ga az ell\u00e1t\u00e1si l\u00e1nc folyamataiban<br \/>DOI: 10.21405\/logtrend.2018.4.2.41 <\/a><\/div>\r\n\r\n\r\n\r\n<p><strong>K\u00f6lts\u00e9gmenedzsment szekci\u00f3<\/strong><\/p>\r\n\r\n\r\n\r\n<div class=\"wp-block-file\"><a href=\"https:\/\/logisztikaitrendek.hu\/wp-content\/uploads\/2019\/01\/Dr.-Sisa-Krisztina-Szij\u00e1rt\u00f3-Bogl\u00e1rka_A-LEAN-menedzsment-elterjed\u00e9se-\u00e9s-a-LEAN-sz\u00e1mvitel-megjelen\u00e9se-a-v\u00e1llalati-szektorban.pdf\">Dr. Sisa Krisztina \u2013 Szij\u00e1rt\u00f3 Bogl\u00e1rka: A LEAN menedzsment elterjed\u00e9se \u00e9s a LEAN sz\u00e1mvitel megjelen\u00e9se a v\u00e1llalati szektorban<br \/>DOI: 10.21405\/logtrend.2018.4.2.47 <\/a><\/div>\r\n\r\n\r\n\r\n<div class=\"wp-block-file\"><a href=\"https:\/\/logisztikaitrendek.hu\/wp-content\/uploads\/2019\/01\/Dr.-Majoros-Gy\u00f6rg_-A-k\u00f6lts\u00e9gelsz\u00e1mol\u00e1si-rendszerek-tudom\u00e1nyos-vizsg\u00e1lata-\u00e9s-\u00f6sszef\u00fcgg\u00e9sei-a-p\u00e9nz\u00fcgyi-besz\u00e1mol\u00f3kkal.pdf\"> <br \/>Dr. Majoros Gy\u00f6rgy: A k\u00f6lts\u00e9gelsz\u00e1mol\u00e1si rendszerek tudom\u00e1nyos vizsg\u00e1lata \u00e9s \u00f6sszef\u00fcgg\u00e9sei a p\u00e9nz\u00fcgyi besz\u00e1mol\u00f3kkal<br \/>DOI: 10.21405\/logtrend.2018.4.2.54 <\/a><\/div>\r\n\r\n<p><style>\r\n.wp-block-file__button {display: none !important;}<br \/>\r\n<\/style><\/p>","protected":false},"excerpt":{"rendered":"<p>A Pallas Ath\u00e9n\u00e9 Domus Animae Alap\u00edtv\u00e1ny t\u00e1mogat\u00e1s\u00e1val: \u00a0 Dr. Tomka J\u00e1nos \u2013 Prof. Dr. B\u0151gel Gy\u00f6rgy: K\u00f6nyvismertet\u0151 . Digit\u00e1lis kereskedelem \u00e9s ell\u00e1t\u00e1sil\u00e1nc-menedzsment szekci\u00f3 Tari Katalin: Nemzetenk\u00e9nt elt\u00e9r\u0151 e-logisztikai trendek felkutat\u00e1sa\u00a0DOI: 10.21405\/logtrend.2018.4.2.4 T\u00f3th R\u00f3bert \u2013 Dr. P\u00f3nusz M\u00f3nika \u2013 Dr. Kozma T\u00edmea: A v\u00e1llalkoz\u00e1sok strat\u00e9gi\u00e1j\u00e1nak \u00e9s \u00fczleti modellj\u00e9nek v\u00e1ltoz\u00e1sa napjainkban: az e kereskedelem tendenci\u00e1i \u00e9s megjelen\u00e9si [&hellip;]<\/p>\n","protected":false},"author":1,"featured_media":0,"parent":0,"menu_order":0,"comment_status":"closed","ping_status":"closed","template":"","meta":{"footnotes":""},"class_list":["post-520","page","type-page","status-publish","hentry"],"_links":{"self":[{"href":"https:\/\/logisztikaitrendek.hu\/index.php\/wp-json\/wp\/v2\/pages\/520","targetHints":{"allow":["GET"]}}],"collection":[{"href":"https:\/\/logisztikaitrendek.hu\/index.php\/wp-json\/wp\/v2\/pages"}],"about":[{"href":"https:\/\/logisztikaitrendek.hu\/index.php\/wp-json\/wp\/v2\/types\/page"}],"author":[{"embeddable":true,"href":"https:\/\/logisztikaitrendek.hu\/index.php\/wp-json\/wp\/v2\/users\/1"}],"replies":[{"embeddable":true,"href":"https:\/\/logisztikaitrendek.hu\/index.php\/wp-json\/wp\/v2\/comments?post=520"}],"version-history":[{"count":14,"href":"https:\/\/logisztikaitrendek.hu\/index.php\/wp-json\/wp\/v2\/pages\/520\/revisions"}],"predecessor-version":[{"id":566,"href":"https:\/\/logisztikaitrendek.hu\/index.php\/wp-json\/wp\/v2\/pages\/520\/revisions\/566"}],"wp:attachment":[{"href":"https:\/\/logisztikaitrendek.hu\/index.php\/wp-json\/wp\/v2\/media?parent=520"}],"curies":[{"name":"wp","href":"https:\/\/api.w.org\/{rel}","templated":true}]}}