{"id":571,"date":"2019-08-05T07:00:49","date_gmt":"2019-08-05T07:00:49","guid":{"rendered":"http:\/\/logisztikaitrendek.hu\/?page_id=571"},"modified":"2022-01-28T18:38:45","modified_gmt":"2022-01-28T18:38:45","slug":"5-evfolyam-1-szam","status":"publish","type":"page","link":"https:\/\/logisztikaitrendek.hu\/index.php\/5-evfolyam-1-szam\/","title":{"rendered":"5. \u00e9vfolyam 1. sz\u00e1m"},"content":{"rendered":"<p><strong>Logisztikai digitaliz\u00e1ci\u00f3 szekci\u00f3<\/strong><\/p>\n<p>Nagy Vivien \u00c1gnes &#8211; Dr. Kozma T\u00edmea &#8211; Dr. Gyenge Bal\u00e1zs: Inform\u00e1ci\u00f3 \u00e1raml\u00e1si folyamat jelent\u0151s\u00e9ge egy logisztikai szolg\u00e1ltat\u00f3 eset\u00e9ben<br \/>\nDOI: 10.21405\/logtrend.2019.5.1.4<br \/>\n<a href=\"https:\/\/logisztikaitrendek.hu\/wp-content\/uploads\/2019\/08\/1-Nagy-Kozma-Gyenge-1.pdf\">1 Nagy, Kozma, Gyenge (1)<\/a><\/p>\n<p>Dr. habil Ol\u00e1h Judit &#8211; Prof. Dr. Popp J\u00f3zsef &#8211; Erdei Edina: Az Ipar 5.0 megjelen\u00e9se: ember \u00e9s robot egy\u00fcttm\u0171k\u00f6d\u00e9se<br \/>\nDOI: 10.21405\/logtrend.2019.5.1.12<br \/>\n<a href=\"https:\/\/logisztikaitrendek.hu\/wp-content\/uploads\/2019\/08\/2-Ol\u00e1h-Popp-Erdei-1.pdf\">2 Ol\u00e1h, Popp, Erdei (1)<\/a><\/p>\n<p>Dr. Nagy Judit &#8211; J\u00e1mbor Zs\u00f3fia: Ipari digitaliz\u00e1ci\u00f3 az \u00e9lelmiszeriparban \u2013 k\u00e9t tejipari esettanulm\u00e1ny<br \/>\nDOI: 10.21405\/logtrend.2019.5.1.20<br \/>\n<a href=\"https:\/\/logisztikaitrendek.hu\/wp-content\/uploads\/2019\/08\/3-Nagy-J\u00e1mbor-1.pdf\">3 Nagy, J\u00e1mbor (1)<\/a><\/p>\n<p>Dr. Nagy Judit &#8211; Dr. P\u00f3nusz M\u00f3nika: Ipar 4.0 \u00e9s \u00f6nvezet\u0151 j\u00e1rm\u0171vek alkalmaz\u00e1s\u00e1nak tapasztalatai<br \/>\nDOI: 10.21405\/logtrend.2019.5.1.25<br \/>\n<a href=\"https:\/\/logisztikaitrendek.hu\/wp-content\/uploads\/2019\/08\/4-Nagy-P\u00f3nusz-1.pdf\">4 Nagy, P\u00f3nusz (1)<\/a><\/p>\n<p><strong>Sz\u00e1ll\u00edtm\u00e1nyoz\u00e1s szekci\u00f3<\/strong><\/p>\n<p>Vida L\u00e1szl\u00f3: \u00daj gondolatok a kontinent\u00e1lis intermod\u00e1lis \u00e1rusz\u00e1ll\u00edt\u00e1shoz<br \/>\nDOI: 10.21405\/logtrend.2019.5.1.29<br \/>\n<a href=\"https:\/\/logisztikaitrendek.hu\/wp-content\/uploads\/2019\/08\/5-Vida-1.pdf\">5 Vida (1)<\/a><\/p>\n<p>Dr. Csap\u00f3 Zsolt &#8211; Simon Orsolya: CARGO forgalom bevezet\u00e9s\u00e9nek lehet\u0151s\u00e9ge a Debreceni Nemzetk\u00f6zi Rep\u00fcl\u0151t\u00e9ren<br \/>\nDOI: 10.21405\/logtrend.2019.5.1.36<br \/>\n<a href=\"https:\/\/logisztikaitrendek.hu\/wp-content\/uploads\/2019\/08\/6-Csap\u00f3-Simon-1.pdf\">6 Csap\u00f3, Simon (1)<\/a><\/p>\n<p><strong>Logisztikai- \u00e9s ell\u00e1t\u00e1sil\u00e1nc-menedzsmet szekci\u00f3<\/strong><\/p>\n<p>Fetter Barbara: A hazai gy\u00f3gyszeripari v\u00e1llalatok besz\u00e1ll\u00edt\u00f3i l\u00e1nc\u00e1nak helye a nemzetk\u00f6zi gy\u00f3gyszeripari ell\u00e1t\u00e1si l\u00e1ncokban<br \/>\nDOI: 10.21405\/logtrend.2019.5.1.43<br \/>\n<a href=\"https:\/\/logisztikaitrendek.hu\/wp-content\/uploads\/2019\/08\/7-Fetter-1.pdf\">7 Fetter (1)<\/a><\/p>\n<p>G\u00e1sp\u00e1r S\u00e1ndor &#8211; Thalmeiner Gerg\u0151: Value Stream Mapping m\u00f3dszer alkalmaz\u00e1sa egy tejtermel\u0151 tehen\u00e9szet folyamatainak modellez\u00e9s\u00e9n kereszt\u00fcl<br \/>\nDOI: 10.21405\/logtrend.2019.5.1.50<br \/>\n<a href=\"https:\/\/logisztikaitrendek.hu\/wp-content\/uploads\/2019\/08\/8-G\u00e1sp\u00e1r-Thalmeiner-1.pdf\">8 G\u00e1sp\u00e1r, Thalmeiner (1)<\/a><\/p>\n<p>Balogh Antal &#8211; Dr. P\u00f3nusz M\u00f3nika &#8211; Dr. Kozma T\u00edmea: Inverz logisztika a kibocs\u00e1jt\u00e1s viszszaszor\u00edt\u00e1sa \u00e9s \u00fajrahasznos\u00edt\u00e1s \u00e9rdek\u00e9ben<br \/>\nDOI: 10.21405\/logtrend.2019.5.1.56<br \/>\n<a href=\"https:\/\/logisztikaitrendek.hu\/wp-content\/uploads\/2019\/08\/9-Balogh-P\u00f3nusz-1.pdf\">9 Balogh, P\u00f3nusz (1)<\/a><\/p>\n","protected":false},"excerpt":{"rendered":"<p>Logisztikai digitaliz\u00e1ci\u00f3 szekci\u00f3 Nagy Vivien \u00c1gnes &#8211; Dr. Kozma T\u00edmea &#8211; Dr. Gyenge Bal\u00e1zs: Inform\u00e1ci\u00f3 \u00e1raml\u00e1si folyamat jelent\u0151s\u00e9ge egy logisztikai szolg\u00e1ltat\u00f3 eset\u00e9ben DOI: 10.21405\/logtrend.2019.5.1.4 1 Nagy, Kozma, Gyenge (1) Dr. habil Ol\u00e1h Judit &#8211; Prof. Dr. Popp J\u00f3zsef &#8211; Erdei Edina: Az Ipar 5.0 megjelen\u00e9se: ember \u00e9s robot egy\u00fcttm\u0171k\u00f6d\u00e9se DOI: 10.21405\/logtrend.2019.5.1.12 2 Ol\u00e1h, Popp, Erdei [&hellip;]<\/p>\n","protected":false},"author":1,"featured_media":0,"parent":0,"menu_order":0,"comment_status":"closed","ping_status":"closed","template":"","meta":{"footnotes":""},"class_list":["post-571","page","type-page","status-publish","hentry"],"_links":{"self":[{"href":"https:\/\/logisztikaitrendek.hu\/index.php\/wp-json\/wp\/v2\/pages\/571","targetHints":{"allow":["GET"]}}],"collection":[{"href":"https:\/\/logisztikaitrendek.hu\/index.php\/wp-json\/wp\/v2\/pages"}],"about":[{"href":"https:\/\/logisztikaitrendek.hu\/index.php\/wp-json\/wp\/v2\/types\/page"}],"author":[{"embeddable":true,"href":"https:\/\/logisztikaitrendek.hu\/index.php\/wp-json\/wp\/v2\/users\/1"}],"replies":[{"embeddable":true,"href":"https:\/\/logisztikaitrendek.hu\/index.php\/wp-json\/wp\/v2\/comments?post=571"}],"version-history":[{"count":7,"href":"https:\/\/logisztikaitrendek.hu\/index.php\/wp-json\/wp\/v2\/pages\/571\/revisions"}],"predecessor-version":[{"id":592,"href":"https:\/\/logisztikaitrendek.hu\/index.php\/wp-json\/wp\/v2\/pages\/571\/revisions\/592"}],"wp:attachment":[{"href":"https:\/\/logisztikaitrendek.hu\/index.php\/wp-json\/wp\/v2\/media?parent=571"}],"curies":[{"name":"wp","href":"https:\/\/api.w.org\/{rel}","templated":true}]}}