{"id":656,"date":"2021-02-05T13:48:40","date_gmt":"2021-02-05T13:48:40","guid":{"rendered":"https:\/\/logisztikaitrendek.hu\/?page_id=656"},"modified":"2022-01-28T18:38:45","modified_gmt":"2022-01-28T18:38:45","slug":"6-evfolyam-2-szam","status":"publish","type":"page","link":"https:\/\/logisztikaitrendek.hu\/index.php\/6-evfolyam-2-szam\/","title":{"rendered":"6. \u00e9vfolyam 2. sz\u00e1m"},"content":{"rendered":"<p class=\"p1\"><span class=\"s1\"><b>El\u0151sz\u0151<\/b><\/span><\/p>\n<p class=\"p1\"><b>Kris\u00e1n L\u00e1szl\u00f3, KAVOSZ Zrt.<\/b><\/p>\n<p><a href=\"https:\/\/logisztikaitrendek.hu\/wp-content\/uploads\/2021\/02\/6_2_0_Elo\u030bszo\u0301_c.pdf\">6_2_0_Elo\u030bszo\u0301_c<\/a><\/p>\n<p>&nbsp;<\/p>\n<p class=\"p4\"><b>Ell\u00e1t\u00e1si l\u00e1nc szekci\u00f3<\/b><\/p>\n<p class=\"p2\"><b>Faludi Tam\u00e1s: <\/b>A nagykereskedelmi \u00e1rszab\u00e1ssal m\u0171k\u00f6d\u0151 decentraliz\u00e1lt \u00e9s centraliz\u00e1lt ell\u00e1t\u00e1si l\u00e1ncok \u00f6sszehasonl\u00edt\u00f3 elemz\u00e9se<\/p>\n<p class=\"p2\">DOI: 10.21405\/logtrend.2020.6.2.3<\/p>\n<p><a href=\"https:\/\/logisztikaitrendek.hu\/wp-content\/uploads\/2021\/02\/6_2_1_Faludi_c.pdf\">6_2_1_Faludi_c<\/a><\/p>\n<p class=\"p2\"><b>Somodi Fl\u00f3ra \u2013 Deli \u00c1d\u00e1m L\u00e1szl\u00f3 \u2013 Dr. Heged\u0171s Szil\u00e1rd \u2013 Dr. habil. Kozma T\u00edmea: <\/b>A COVID-19 hat\u00e1sa a h\u00fasipari ell\u00e1t\u00e1si l\u00e1nc egy sz\u0171k szegmens\u00e9ben<br \/>\n<span class=\"s2\">DOI: 10.21405\/logtrend.2020. 6.2.8<\/span><\/p>\n<p><a href=\"https:\/\/logisztikaitrendek.hu\/wp-content\/uploads\/2021\/02\/6_2_2_Somodi_c.pdf\">6_2_2_Somodi_c<\/a><\/p>\n<p>&nbsp;<\/p>\n<p class=\"p4\"><b>Digitaliz\u00e1ci\u00f3 \u00e9s k\u00e9szletez\u00e9si szekci\u00f3<\/b><\/p>\n<p class=\"p2\"><b>Kurucz Attila \u2013 Dern\u00f3czy-Poly\u00e1k Adrienn \u2013 Osieczko Kornelia: <\/b>Digit\u00e1lis logisztikai megold\u00e1sok \u00e9rt\u00e9kel\u00e9se a magyar \u00e9s lengyel fiatalok k\u00f6r\u00e9ben<br \/>\n<span class=\"s2\">DOI: 10.21405\/logtrend.2020.6.2.13<\/span><\/p>\n<p><a href=\"https:\/\/logisztikaitrendek.hu\/wp-content\/uploads\/2021\/02\/6_2_3_Kurucz_c.pdf\">6_2_3_Kurucz_c<\/a><\/p>\n<p class=\"p2\"><b>Vajna Istv\u00e1n \u2013 Tangl Anita: <\/b>Logisztikai folyamatok lean fejleszt\u00e9se VSM \u00e9s monozukuri m\u00f3dszerrel<br \/>\n<span class=\"s2\">DOI: 10.21405\/logtrend.2020.6.2.19<\/span><\/p>\n<p><a href=\"https:\/\/logisztikaitrendek.hu\/wp-content\/uploads\/2021\/02\/6_2_4_Vajna_c.pdf\">6_2_4_Vajna_c<\/a><\/p>\n<p class=\"p2\"><b>Dr. Koz\u00e1k Tam\u00e1s \u2013 Dr. Fenyvesi \u00c9va: <\/b>K\u00e9szletoptimaliz\u00e1l\u00e1s a j\u00e1t\u00e9kelm\u00e9let seg\u00edts\u00e9g\u00e9vel<br \/>\n<span class=\"s2\">DOI: 10.21405\/logtrend.2020.6.2.29<\/span><\/p>\n<p><a href=\"https:\/\/logisztikaitrendek.hu\/wp-content\/uploads\/2021\/02\/6_2_5_Koza\u0301k_c.pdf\">6_2_5_Koza\u0301k_c<\/a><\/p>\n<p class=\"p2\"><b>Viktor Patrik \u2013<span class=\"Apple-converted-space\">\u00a0 <\/span>Dr. habil. Reicher Regina Zsuzs\u00e1nna: <\/b>Magyarorsz\u00e1gi le\u00e1nyv\u00e1llalatok centraliz\u00e1lt beszerz\u00e9sei<br \/>\n<span class=\"s2\">DOI: 10.21405\/logtrend.2020.6.2.35<\/span><\/p>\n<p><a href=\"https:\/\/logisztikaitrendek.hu\/wp-content\/uploads\/2021\/02\/6_2_6_Viktor_c.pdf\">6_2_6_Viktor_c<\/a><\/p>\n<p>&nbsp;<\/p>\n<p class=\"p4\"><b>\u00c1ltal\u00e1nos v\u00e1llalati szekci\u00f3<\/b><\/p>\n<p class=\"p2\"><b>Dr. Abonyi Gyul\u00e1n\u00e9 dr. Palot\u00e1s Jol\u00e1n \u2013<span class=\"Apple-converted-space\">\u00a0 <\/span>Kecskem\u00e9ti Lilla: <\/b>Gondolatok a logisztikai tev\u00e9kenys\u00e9ggel szemben t\u00e1masztott n\u00f6vekv\u0151 elv\u00e1r\u00e1sok \u00e9s az infrastrukt\u00fara kapcsolat\u00e1r\u00f3l<\/p>\n<p class=\"p5\">DOI: 10.21405\/logtrend.2020.6.2.45<\/p>\n<p><a href=\"https:\/\/logisztikaitrendek.hu\/wp-content\/uploads\/2021\/02\/6_2_7_Abonyi_c.pdf\">6_2_7_Abonyi_c<\/a><\/p>\n<p class=\"p2\"><b>Dr. Vajda Andrea \u2013 Dr. Magda R\u00f3bert: <\/b>A kkv-k szerepe a versenyk\u00e9pess\u00e9gben, a magyar kkv-k \u00f6sszehasonl\u00edt\u00e1sa az EU v\u00e1llalkoz\u00e1saival<\/p>\n<p class=\"p5\">DOI: 10.21405\/logtrend.2020.6.2.50<\/p>\n<p><a href=\"https:\/\/logisztikaitrendek.hu\/wp-content\/uploads\/2021\/02\/6_2_8_Vajda_c.pdf\">6_2_8_Vajda_c<\/a><\/p>\n<p class=\"p2\"><b>Dr. T\u00far\u00f3czi Imre \u2013 Dr. T\u00f3th R\u00f3bert \u2013 Dr. Heged\u0171s Mih\u00e1ly \u2013 Dr. Sisa Krisztina \u2013 Dr. Gyurcsik Petronella \u2013 Dr. P\u00f3nusz M\u00f3nika: <\/b>A pand\u00e9mia okozta kih\u00edv\u00e1sokra adhat\u00f3 v\u00e1laszok a v\u00e1llalkoz\u00e1sfinansz\u00edroz\u00e1s \u00e9s a tervez\u00e9s ter\u00fcletein<\/p>\n<p class=\"p5\">DOI: 10.21405\/logtrend.2020.6.2.55<\/p>\n<p><a href=\"https:\/\/logisztikaitrendek.hu\/wp-content\/uploads\/2021\/02\/6_2_9_Turo\u0301czi_c.pdf\">6_2_9_Turo\u0301czi_c<\/a><\/p>\n","protected":false},"excerpt":{"rendered":"<p>El\u0151sz\u0151 Kris\u00e1n L\u00e1szl\u00f3, KAVOSZ Zrt. 6_2_0_Elo\u030bszo\u0301_c &nbsp; Ell\u00e1t\u00e1si l\u00e1nc szekci\u00f3 Faludi Tam\u00e1s: A nagykereskedelmi \u00e1rszab\u00e1ssal m\u0171k\u00f6d\u0151 decentraliz\u00e1lt \u00e9s centraliz\u00e1lt ell\u00e1t\u00e1si l\u00e1ncok \u00f6sszehasonl\u00edt\u00f3 elemz\u00e9se DOI: 10.21405\/logtrend.2020.6.2.3 6_2_1_Faludi_c Somodi Fl\u00f3ra \u2013 Deli \u00c1d\u00e1m L\u00e1szl\u00f3 \u2013 Dr. Heged\u0171s Szil\u00e1rd \u2013 Dr. habil. Kozma T\u00edmea: A COVID-19 hat\u00e1sa a h\u00fasipari ell\u00e1t\u00e1si l\u00e1nc egy sz\u0171k szegmens\u00e9ben DOI: 10.21405\/logtrend.2020. 6.2.8 6_2_2_Somodi_c [&hellip;]<\/p>\n","protected":false},"author":1,"featured_media":0,"parent":0,"menu_order":0,"comment_status":"closed","ping_status":"closed","template":"","meta":{"footnotes":""},"class_list":["post-656","page","type-page","status-publish","hentry"],"_links":{"self":[{"href":"https:\/\/logisztikaitrendek.hu\/index.php\/wp-json\/wp\/v2\/pages\/656","targetHints":{"allow":["GET"]}}],"collection":[{"href":"https:\/\/logisztikaitrendek.hu\/index.php\/wp-json\/wp\/v2\/pages"}],"about":[{"href":"https:\/\/logisztikaitrendek.hu\/index.php\/wp-json\/wp\/v2\/types\/page"}],"author":[{"embeddable":true,"href":"https:\/\/logisztikaitrendek.hu\/index.php\/wp-json\/wp\/v2\/users\/1"}],"replies":[{"embeddable":true,"href":"https:\/\/logisztikaitrendek.hu\/index.php\/wp-json\/wp\/v2\/comments?post=656"}],"version-history":[{"count":3,"href":"https:\/\/logisztikaitrendek.hu\/index.php\/wp-json\/wp\/v2\/pages\/656\/revisions"}],"predecessor-version":[{"id":669,"href":"https:\/\/logisztikaitrendek.hu\/index.php\/wp-json\/wp\/v2\/pages\/656\/revisions\/669"}],"wp:attachment":[{"href":"https:\/\/logisztikaitrendek.hu\/index.php\/wp-json\/wp\/v2\/media?parent=656"}],"curies":[{"name":"wp","href":"https:\/\/api.w.org\/{rel}","templated":true}]}}