{"id":791,"date":"2023-09-24T20:23:34","date_gmt":"2023-09-24T20:23:34","guid":{"rendered":"https:\/\/logisztikaitrendek.hu\/?page_id=791"},"modified":"2023-09-24T20:23:34","modified_gmt":"2023-09-24T20:23:34","slug":"9-evfolyam-1-szam","status":"publish","type":"page","link":"https:\/\/logisztikaitrendek.hu\/index.php\/9-evfolyam-1-szam\/","title":{"rendered":"9. \u00e9vfolyam 1. sz\u00e1m"},"content":{"rendered":"<p>A teljes lapsz\u00e1m\u00a0<a href=\"https:\/\/logisztikaitrendek.hu\/wp-content\/uploads\/2023\/09\/Log-Trend-2023_1_V2_online.pdf\">itt<\/a>\u00a0\u00e9rhet\u0151 el.<\/p>\n<p class=\"p2\"><span class=\"s2\"><b>Dr. Nagy Zolt\u00e1n \u2013 <a href=\"https:\/\/logisztikaitrendek.hu\/wp-content\/uploads\/2023\/09\/eloszo_23.9.pdf\"><span class=\"s1\">El\u0151sz\u0151<\/span><\/a><\/b><\/span><\/p>\n<p class=\"p4\"><span class=\"s2\"><b>Digit\u00e1lis ell\u00e1t\u00e1sil\u00e1nc-menedzsment szekci\u00f3<\/b><\/span><\/p>\n<p class=\"p5\"><span class=\"s4\"><b>Dr. Budai L\u00e1szl\u00f3 <\/b><\/span><span class=\"s5\"><b>\u2013 <\/b><\/span><span class=\"s4\"><b>Dr. Horv\u00e1th Annam\u00e1ria:<\/b><\/span><a href=\"https:\/\/logisztikaitrendek.hu\/wp-content\/uploads\/2023\/09\/10.21405logtrend.2023.9.1.3.pdf\"><span class=\"s2\"> Ipar 4.0 technol\u00f3gi\u00e1k oktat\u00e1sa szimul\u00e1ci\u00f3s labor k\u00f6rnyezetben &#8211; Smart Shop Floor Logisztikai Szimul\u00e1ci\u00f3s Labor lehet\u0151s\u00e9gei<\/span><\/a><\/p>\n<p class=\"p6\">DOI: 10.21405\/logtrend.2023.9.1.3<\/p>\n<p class=\"p5\"><span class=\"s4\"><b>Dr. Horv\u00e1th D\u00f3ra <\/b><\/span><span class=\"s5\"><b>\u2013<\/b><\/span><span class=\"s4\"><b> Wittinger M\u00e1ria Magdolna: <\/b><\/span><a href=\"https:\/\/logisztikaitrendek.hu\/wp-content\/uploads\/2023\/09\/10.21405logtrend.2023.9.1.11.pdf\"><span class=\"s2\">Ipar 4.0, digitaliz\u00e1ci\u00f3, illetve \u00faj t\u00edpus\u00fa szolg\u00e1ltat\u00e1sok hat\u00e1sa az \u00fczleti modellre: az \u00fczletimodell-innov\u00e1ci\u00f3<\/span><\/a><\/p>\n<p class=\"p7\">DOI: 10.21405\/logtrend.2023.9.1.11<\/p>\n<p class=\"p4\"><span class=\"s2\"><b>Strat\u00e9gia \u00e9s menedzsment szekci\u00f3<\/b><\/span><\/p>\n<p class=\"p9\"><span class=\"s6\"><b>T\u00f6r\u00f6k L\u00e1szl\u00f3 <\/b><\/span><b>\u2013 <\/b><span class=\"s6\"><b>Dr. Sisa Krisztina <\/b><\/span><b>\u2013 <\/b><span class=\"s6\"><b>Dr. Szij\u00e1rt\u00f3 Bogl\u00e1rka: <\/b><\/span><a href=\"https:\/\/logisztikaitrendek.hu\/wp-content\/uploads\/2023\/09\/10.21405logtrend.2023.9.1.18.pdf\"><span class=\"s7\">K\u00f6rnyezeti sz\u00e1mvitel a logisztika t\u00fckr\u00e9ben<\/span><\/a><\/p>\n<p class=\"p6\">DOI: 10.21405\/logtrend.2023.9.1.18<\/p>\n<p class=\"p5\"><span class=\"s4\"><b>Dr. Koz\u00e1k Tam\u00e1s <\/b><\/span><span class=\"s5\"><b>\u2013 <\/b><\/span><span class=\"s4\"><b>Kasza Lajos <\/b><\/span><span class=\"s5\"><b>\u2013 <\/b><\/span><span class=\"s4\"><b>Dr. N\u00e9meth Patr\u00edcia: <\/b><\/span><a href=\"https:\/\/logisztikaitrendek.hu\/wp-content\/uploads\/2023\/09\/10.21405logtrend.2023.9.1.25.pdf\"><span class=\"s2\">A gig-economy hat\u00e1s\u00e1nak vizsg\u00e1lata, mint \u00fajabb kih\u00edv\u00e1s az ell\u00e1t\u00e1si l\u00e1ncok strat\u00e9gi\u00e1j\u00e1ban<\/span><\/a><\/p>\n<p class=\"p6\">DOI: 10.21405\/logtrend.2023.9.1.25<\/p>\n<p class=\"p5\"><span class=\"s4\"><b>Antal-Bacs\u00f3 Andr\u00e1s Oliv\u00e9r <\/b><\/span><span class=\"s5\"><b>\u2013 <\/b><\/span><span class=\"s4\"><b>J\u00e1mbor Zs\u00f3fia: <\/b><\/span><a href=\"https:\/\/logisztikaitrendek.hu\/wp-content\/uploads\/2023\/09\/10.21405logtrend.2023.9.1.30.pdf\"><span class=\"s2\">A hazai kis\u00fczemi s\u00f6rf\u0151zd\u00e9k verseng\u0151 egy\u00fcttm\u0171k\u00f6d\u00e9se<\/span><\/a><\/p>\n<p class=\"p6\">DOI: 10.21405\/logtrend.2023.9.1.30<\/p>\n<p class=\"p2\"><span class=\"s2\"><b>Dr. Bittner Be\u00e1ta <\/b><\/span><b>\u2013 <\/b><span class=\"s2\"><b>Hajdu Csaba Alex <\/b><\/span><b>\u2013 <\/b><span class=\"s2\"><b>Kov\u00e1cs T\u00fcnde Zita <\/b><\/span><b>\u2013<\/b><span class=\"s2\"><b> Dr. Nagy Adri\u00e1n Szil\u00e1rd: <\/b><\/span><a href=\"https:\/\/logisztikaitrendek.hu\/wp-content\/uploads\/2023\/09\/10.21405logtrend.2023.9.1.35.pdf\"><span class=\"s3\">Szem\u00e9lysz\u00e1ll\u00edt\u00e1s fogyaszt\u00f3i meg\u00edt\u00e9l\u00e9se \u2013 esettanulm\u00e1ny Debrecen v\u00e1ros\u00e1ban<\/span><\/a><\/p>\n<p class=\"p7\">DOI: 10.21405\/logtrend.2023.9.1.35<\/p>\n<p class=\"p4\"><span class=\"s2\"><b>Ell\u00e1t\u00e1sil\u00e1nc-menedzsment szekci\u00f3<\/b><\/span><\/p>\n<p class=\"p5\"><span class=\"s4\"><b>Dr. Kozma T\u00edmea <\/b><\/span><span class=\"s5\"><b>\u2013 <\/b><\/span><span class=\"s4\"><b>Dr. Kir\u00e1ly \u00c9va <\/b><\/span><span class=\"s5\"><b>\u2013 <\/b><\/span><span class=\"s4\"><b>Farag\u00f3n\u00e9 Lepp Katalin <\/b><\/span><span class=\"s5\"><b>\u2013 <\/b><\/span><span class=\"s4\"><b>Szab\u00f3-Gelet\u00f3czki Rita:<br \/>\n<\/b><\/span><a href=\"https:\/\/logisztikaitrendek.hu\/wp-content\/uploads\/2023\/09\/10.21405logtrend.2023.9.1.41.pdf\"><span class=\"s2\">A viszony ne legyen iszony. Avagy az \u00fczleti partnerkap-csolatok szerepe az ell\u00e1t\u00e1si l\u00e1ncban<\/span><\/a><\/p>\n<p class=\"p6\">DOI: 10.21405\/logtrend.2023.9.1.41<\/p>\n<p class=\"p5\"><span class=\"s4\"><b>Dr. M\u00e9sz\u00e1ros Korn\u00e9lia <\/b><\/span><span class=\"s5\"><b>\u2013 <\/b><\/span><span class=\"s4\"><b>Kiss Petra: <\/b><\/span><a href=\"https:\/\/logisztikaitrendek.hu\/wp-content\/uploads\/2023\/09\/10.21405logtrend.2023.9.1.50.pdf\"><span class=\"s2\">A Covid-19 vil\u00e1gj\u00e1rv\u00e1ny megjelen\u00e9s\u00e9nek hat\u00e1sai az ell\u00e1t\u00e1si l\u00e1ncban szerepl\u0151 v\u00e1llalatokra \u00e9s munkav\u00e1llal\u00f3kra<\/span><\/a><\/p>\n<p class=\"p6\">DOI: 10.21405\/logtrend.2023.9.1.50<\/p>\n<p class=\"p5\"><span class=\"s4\"><b>Dr. Lakatos P\u00e9ter: <\/b><\/span><a href=\"https:\/\/logisztikaitrendek.hu\/wp-content\/uploads\/2023\/09\/10.21405logtrend.2023.9.1.57.pdf\"><span class=\"s2\">Gy\u00f3gyszert\u00e1r, mint kritikus infrastrukt\u00fara elem<\/span><\/a><\/p>\n<p class=\"p7\">DOI: 10.21405\/logtrend.2023.9.1.57<\/p>\n","protected":false},"excerpt":{"rendered":"<p>A teljes lapsz\u00e1m\u00a0itt\u00a0\u00e9rhet\u0151 el. Dr. Nagy Zolt\u00e1n \u2013 El\u0151sz\u0151 Digit\u00e1lis ell\u00e1t\u00e1sil\u00e1nc-menedzsment szekci\u00f3 Dr. Budai L\u00e1szl\u00f3 \u2013 Dr. Horv\u00e1th Annam\u00e1ria: Ipar 4.0 technol\u00f3gi\u00e1k oktat\u00e1sa szimul\u00e1ci\u00f3s labor k\u00f6rnyezetben &#8211; Smart Shop Floor Logisztikai Szimul\u00e1ci\u00f3s Labor lehet\u0151s\u00e9gei DOI: 10.21405\/logtrend.2023.9.1.3 Dr. Horv\u00e1th D\u00f3ra \u2013 Wittinger M\u00e1ria Magdolna: Ipar 4.0, digitaliz\u00e1ci\u00f3, illetve \u00faj t\u00edpus\u00fa szolg\u00e1ltat\u00e1sok hat\u00e1sa az \u00fczleti modellre: az [&hellip;]<\/p>\n","protected":false},"author":1,"featured_media":0,"parent":0,"menu_order":0,"comment_status":"closed","ping_status":"closed","template":"","meta":{"footnotes":""},"class_list":["post-791","page","type-page","status-publish","hentry"],"_links":{"self":[{"href":"https:\/\/logisztikaitrendek.hu\/index.php\/wp-json\/wp\/v2\/pages\/791","targetHints":{"allow":["GET"]}}],"collection":[{"href":"https:\/\/logisztikaitrendek.hu\/index.php\/wp-json\/wp\/v2\/pages"}],"about":[{"href":"https:\/\/logisztikaitrendek.hu\/index.php\/wp-json\/wp\/v2\/types\/page"}],"author":[{"embeddable":true,"href":"https:\/\/logisztikaitrendek.hu\/index.php\/wp-json\/wp\/v2\/users\/1"}],"replies":[{"embeddable":true,"href":"https:\/\/logisztikaitrendek.hu\/index.php\/wp-json\/wp\/v2\/comments?post=791"}],"version-history":[{"count":6,"href":"https:\/\/logisztikaitrendek.hu\/index.php\/wp-json\/wp\/v2\/pages\/791\/revisions"}],"predecessor-version":[{"id":809,"href":"https:\/\/logisztikaitrendek.hu\/index.php\/wp-json\/wp\/v2\/pages\/791\/revisions\/809"}],"wp:attachment":[{"href":"https:\/\/logisztikaitrendek.hu\/index.php\/wp-json\/wp\/v2\/media?parent=791"}],"curies":[{"name":"wp","href":"https:\/\/api.w.org\/{rel}","templated":true}]}}