{"id":813,"date":"2024-09-11T09:07:02","date_gmt":"2024-09-11T09:07:02","guid":{"rendered":"https:\/\/logisztikaitrendek.hu\/?page_id=813"},"modified":"2024-09-11T09:27:19","modified_gmt":"2024-09-11T09:27:19","slug":"10-evfolyam-1-szam","status":"publish","type":"page","link":"https:\/\/logisztikaitrendek.hu\/index.php\/10-evfolyam-1-szam\/","title":{"rendered":"10. \u00e9vfolyam 1. sz\u00e1m"},"content":{"rendered":"<p>A teljes lapsz\u00e1m\u00a0<a href=\"https:\/\/logisztikaitrendek.hu\/wp-content\/uploads\/2024\/09\/Log-Trend-2024_1_online_.pdf\">itt<\/a>\u00a0\u00e9rhet\u0151 el.<\/p>\n<p class=\"p1\"><span class=\"s1\"><b><a href=\"https:\/\/logisztikaitrendek.hu\/wp-content\/uploads\/2024\/09\/1_Eloszo_.pdf\">El\u0151sz\u0151<\/a> \u2013\u00a0<\/b><\/span><span class=\"s2\"><b>Dr. T\u00far\u00f3czi Imre<\/b><\/span><\/p>\n<p class=\"p4\"><span class=\"s2\"><b>Ell\u00e1t\u00e1sil\u00e1nc \u00e9s logisztikai innov\u00e1ci\u00f3k<\/b><\/span><\/p>\n<p class=\"p6\"><span class=\"s4\"><b>Dr. T\u00f3th R\u00f3bert \u2013 Kris\u00e1n L\u00e1szl\u00f3 \u2013 Dr. Tobak J\u00falia:<\/b><\/span><span class=\"s2\"><a href=\"https:\/\/logisztikaitrendek.hu\/wp-content\/uploads\/2024\/09\/10.21405logtrend.2024.09.1.3.pdf\"> A gener\u00e1ci\u00f3v\u00e1lt\u00e1s megjelen\u00e9se a hazai logisztikai v\u00e1llalkoz\u00e1sok k\u00f6r\u00e9ben<\/a>\u00a0<\/span><\/p>\n<p class=\"p7\">DOI: 10.21405\/logtrend.2024.9.1.3<\/p>\n<p class=\"p6\"><span class=\"s4\"><b>Vajna Istv\u00e1n \u2013 dr. univ. Nagy Zolt\u00e1n \u2013 Dr. Sikl\u00f3si \u00c1gnes \u2013\u00a0Dr. Tangl Anita:<\/b><\/span><a href=\"https:\/\/logisztikaitrendek.hu\/wp-content\/uploads\/2024\/09\/10.21405logtrend.2024.09.1.8.pdf\"><span class=\"s2\"> Lean-Kaizen fejleszt\u00e9sek a bels\u0151 ell\u00e1t\u00e1si l\u00e1ncban \u00e9s az eredm\u00e9nyek kimutat\u00e1sa a menedzsment sz\u00e1mvitelben<\/span><\/a><\/p>\n<p class=\"p7\">DOI: 10.21405\/logtrend.2024.9.1.8<\/p>\n<p class=\"p6\"><span class=\"s4\"><b>Szab\u00f3 K\u00e1roly: <\/b><\/span><a href=\"https:\/\/logisztikaitrendek.hu\/wp-content\/uploads\/2024\/09\/10.21405logtrend.2024.09.1.17.pdf\"><span class=\"s2\">Mesters\u00e9ges intelligencia a logisztik\u00e1ban \u2013 Pest Megyei helyzetk\u00e9p<\/span><\/a><\/p>\n<p class=\"p7\">DOI: 10.21405\/logtrend.2024.9.1.17<\/p>\n<p class=\"p6\"><span class=\"s4\"><b>Dr. Faludi Tam\u00e1s: <\/b><\/span><a href=\"https:\/\/logisztikaitrendek.hu\/wp-content\/uploads\/2024\/09\/10.21405logtrend.2024.09.1.23.pdf\"><span class=\"s2\">A digit\u00e1lis ell\u00e1t\u00e1sil\u00e1nc-menedzsment alkalmaz\u00e1s\u00e1nak sz\u00fcks\u00e9gess\u00e9ge<\/span><\/a><\/p>\n<p class=\"p9\">DOI: 10.21405\/logtrend.2024.9.1.23<\/p>\n<p class=\"p4\"><span class=\"s2\"><b>Szab\u00e1lyoz\u00e1s \u00e9s k\u00f6zleked\u00e9si infrastrukt\u00fara<\/b><\/span><\/p>\n<p class=\"p12\"><span class=\"s6\"><b>Dr. Udvaros J\u00f3zsef\u00a0\u2013 Forman Norbert: <\/b><\/span><a href=\"https:\/\/logisztikaitrendek.hu\/wp-content\/uploads\/2024\/09\/10.21405logtrend.2024.09.1.29.pdf\"><span class=\"s5\">Dr\u00f3nok hazai \u00e9s EU szab\u00e1lyoz\u00e1sa \u00e9s feloszt\u00e1sa<\/span><\/a><\/p>\n<p class=\"p7\">DOI: 10.21405\/logtrend.2024.9.1.29<\/p>\n<p class=\"p6\"><span class=\"s4\"><b>Dr. J\u00e1mbor Zs\u00f3fia: <\/b><\/span><a href=\"https:\/\/logisztikaitrendek.hu\/wp-content\/uploads\/2024\/09\/10.21405logtrend.2024.09.1.34.pdf\"><span class=\"s2\">Kritikus k\u00f6zleked\u00e9si infrastrukt\u00far\u00e1k ellen\u00e1ll\u00f3 k\u00e9pess\u00e9ge<\/span><\/a><\/p>\n<p class=\"p7\">DOI: 10.21405\/logtrend.2024.9.1.34<\/p>\n<p class=\"p14\"><span class=\"s6\"><b>Dr. Fenyvesi \u00c9va \u2013\u00a0Balla Gr\u00e9ta Barbara: <\/b><\/span><a href=\"https:\/\/logisztikaitrendek.hu\/wp-content\/uploads\/2024\/09\/10.21405logtrend.2024.09.1.42.pdf\"><span class=\"s5\">K\u00f6z\u00fat vagy vas\u00fat? A vas\u00fati fuvaroz\u00e1s j\u00f6v\u0151je<\/span><\/a><\/p>\n<p class=\"p7\">DOI: 10.21405\/logtrend.2024.9.1.42<\/p>\n","protected":false},"excerpt":{"rendered":"<p>A teljes lapsz\u00e1m\u00a0itt\u00a0\u00e9rhet\u0151 el. El\u0151sz\u0151 \u2013\u00a0Dr. T\u00far\u00f3czi Imre Ell\u00e1t\u00e1sil\u00e1nc \u00e9s logisztikai innov\u00e1ci\u00f3k Dr. T\u00f3th R\u00f3bert \u2013 Kris\u00e1n L\u00e1szl\u00f3 \u2013 Dr. Tobak J\u00falia: A gener\u00e1ci\u00f3v\u00e1lt\u00e1s megjelen\u00e9se a hazai logisztikai v\u00e1llalkoz\u00e1sok k\u00f6r\u00e9ben\u00a0 DOI: 10.21405\/logtrend.2024.9.1.3 Vajna Istv\u00e1n \u2013 dr. univ. Nagy Zolt\u00e1n \u2013 Dr. Sikl\u00f3si \u00c1gnes \u2013\u00a0Dr. Tangl Anita: Lean-Kaizen fejleszt\u00e9sek a bels\u0151 ell\u00e1t\u00e1si l\u00e1ncban \u00e9s az eredm\u00e9nyek [&hellip;]<\/p>\n","protected":false},"author":1,"featured_media":0,"parent":0,"menu_order":0,"comment_status":"closed","ping_status":"closed","template":"","meta":{"footnotes":""},"class_list":["post-813","page","type-page","status-publish","hentry"],"_links":{"self":[{"href":"https:\/\/logisztikaitrendek.hu\/index.php\/wp-json\/wp\/v2\/pages\/813","targetHints":{"allow":["GET"]}}],"collection":[{"href":"https:\/\/logisztikaitrendek.hu\/index.php\/wp-json\/wp\/v2\/pages"}],"about":[{"href":"https:\/\/logisztikaitrendek.hu\/index.php\/wp-json\/wp\/v2\/types\/page"}],"author":[{"embeddable":true,"href":"https:\/\/logisztikaitrendek.hu\/index.php\/wp-json\/wp\/v2\/users\/1"}],"replies":[{"embeddable":true,"href":"https:\/\/logisztikaitrendek.hu\/index.php\/wp-json\/wp\/v2\/comments?post=813"}],"version-history":[{"count":5,"href":"https:\/\/logisztikaitrendek.hu\/index.php\/wp-json\/wp\/v2\/pages\/813\/revisions"}],"predecessor-version":[{"id":816,"href":"https:\/\/logisztikaitrendek.hu\/index.php\/wp-json\/wp\/v2\/pages\/813\/revisions\/816"}],"wp:attachment":[{"href":"https:\/\/logisztikaitrendek.hu\/index.php\/wp-json\/wp\/v2\/media?parent=813"}],"curies":[{"name":"wp","href":"https:\/\/api.w.org\/{rel}","templated":true}]}}